{"id":392,"date":"2021-11-30T22:58:32","date_gmt":"2021-12-01T01:58:32","guid":{"rendered":"https:\/\/vilelaoraldesign.com.br\/cursos\/?page_id=392"},"modified":"2022-09-12T10:48:58","modified_gmt":"2022-09-12T13:48:58","slug":"cursos","status":"publish","type":"page","link":"https:\/\/vilelaoraldesign.com.br\/cursos\/cursos\/","title":{"rendered":"Cursos"},"content":{"rendered":"\t\t<div data-elementor-type=\"wp-page\" data-elementor-id=\"392\" class=\"elementor elementor-392\" data-elementor-post-type=\"page\">\n\t\t\t\t\t\t<section class=\"elementor-section elementor-top-section elementor-element elementor-element-b43c41c elementor-section-full_width elementor-section-height-min-height elementor-section-height-default elementor-section-items-middle\" data-id=\"b43c41c\" data-element_type=\"section\" data-e-type=\"section\" data-settings=\"{&quot;background_background&quot;:&quot;classic&quot;}\">\n\t\t\t\t\t\t<div class=\"elementor-container elementor-column-gap-default\">\n\t\t\t\t\t<div class=\"elementor-column elementor-col-100 elementor-top-column elementor-element elementor-element-b514631\" data-id=\"b514631\" data-element_type=\"column\" data-e-type=\"column\">\n\t\t\t<div class=\"elementor-widget-wrap elementor-element-populated\">\n\t\t\t\t\t\t<div class=\"elementor-element elementor-element-5e4316b elementor-widget elementor-widget-heading\" data-id=\"5e4316b\" data-element_type=\"widget\" data-e-type=\"widget\" data-widget_type=\"heading.default\">\n\t\t\t\t<div class=\"elementor-widget-container\">\n\t\t\t\t\t<h2 class=\"elementor-heading-title elementor-size-default\">CURSOS<\/h2>\t\t\t\t<\/div>\n\t\t\t\t<\/div>\n\t\t\t\t<div class=\"elementor-element elementor-element-0870e7c elementor-widget elementor-widget-heading\" data-id=\"0870e7c\" data-element_type=\"widget\" data-e-type=\"widget\" data-widget_type=\"heading.default\">\n\t\t\t\t<div class=\"elementor-widget-container\">\n\t\t\t\t\t<h2 class=\"elementor-heading-title elementor-size-default\">VILELA ORAL DESIGN<\/h2>\t\t\t\t<\/div>\n\t\t\t\t<\/div>\n\t\t\t\t\t<\/div>\n\t\t<\/div>\n\t\t\t\t\t<\/div>\n\t\t<\/section>\n\t\t\t\t<section class=\"elementor-section elementor-top-section elementor-element elementor-element-9e6118e elementor-section-full_width elementor-section-height-default elementor-section-height-default\" data-id=\"9e6118e\" data-element_type=\"section\" data-e-type=\"section\">\n\t\t\t\t\t\t<div class=\"elementor-container elementor-column-gap-default\">\n\t\t\t\t\t<div class=\"elementor-column elementor-col-50 elementor-top-column elementor-element elementor-element-a71fa35\" data-id=\"a71fa35\" data-element_type=\"column\" data-e-type=\"column\">\n\t\t\t<div class=\"elementor-widget-wrap elementor-element-populated\">\n\t\t\t\t\t\t<div class=\"elementor-element elementor-element-7fccf45 elementor-widget elementor-widget-image\" data-id=\"7fccf45\" data-element_type=\"widget\" data-e-type=\"widget\" data-widget_type=\"image.default\">\n\t\t\t\t<div class=\"elementor-widget-container\">\n\t\t\t\t\t\t\t\t\t\t\t\t\t\t\t\t<a href=\"https:\/\/vilelaoraldesign.com.br\/cursos\/imersao-em-periodontia-avancada\/\" target=\"_blank\">\n\t\t\t\t\t\t\t<img fetchpriority=\"high\" decoding=\"async\" width=\"600\" height=\"328\" src=\"https:\/\/vilelaoraldesign.com.br\/cursos\/wp-content\/uploads\/2022\/09\/VILELA_EMKT01_CURSO_PERIODONTIA.png\" class=\"attachment-large size-large wp-image-856\" alt=\"\" srcset=\"https:\/\/vilelaoraldesign.com.br\/cursos\/wp-content\/uploads\/2022\/09\/VILELA_EMKT01_CURSO_PERIODONTIA.png 600w, https:\/\/vilelaoraldesign.com.br\/cursos\/wp-content\/uploads\/2022\/09\/VILELA_EMKT01_CURSO_PERIODONTIA-300x164.png 300w\" sizes=\"(max-width: 600px) 100vw, 600px\" \/>\t\t\t\t\t\t\t\t<\/a>\n\t\t\t\t\t\t\t\t\t\t\t\t\t\t\t<\/div>\n\t\t\t\t<\/div>\n\t\t\t\t<div class=\"elementor-element elementor-element-8aca8d1 elementor-widget elementor-widget-heading\" data-id=\"8aca8d1\" data-element_type=\"widget\" data-e-type=\"widget\" data-widget_type=\"heading.default\">\n\t\t\t\t<div class=\"elementor-widget-container\">\n\t\t\t\t\t<h2 class=\"elementor-heading-title elementor-size-default\">CURSO<\/h2>\t\t\t\t<\/div>\n\t\t\t\t<\/div>\n\t\t\t\t<div class=\"elementor-element elementor-element-a9c18a7 elementor-widget elementor-widget-heading\" data-id=\"a9c18a7\" data-element_type=\"widget\" data-e-type=\"widget\" data-widget_type=\"heading.default\">\n\t\t\t\t<div class=\"elementor-widget-container\">\n\t\t\t\t\t<h2 class=\"elementor-heading-title elementor-size-default\">Imers\u00e3o em Periodontia avan\u00e7ada<\/h2>\t\t\t\t<\/div>\n\t\t\t\t<\/div>\n\t\t\t\t<div class=\"elementor-element elementor-element-1df964f elementor-widget elementor-widget-text-editor\" data-id=\"1df964f\" data-element_type=\"widget\" data-e-type=\"widget\" data-widget_type=\"text-editor.default\">\n\t\t\t\t<div class=\"elementor-widget-container\">\n\t\t\t\t\t\t\t\t\t<p>A Periodontia tem ganho muita for\u00e7a atualmente, pois oferece mais possibilidades para alcan\u00e7ar resultados de excel\u00eancia. O curso de <strong>Imers\u00e3o em Periodontia avan\u00e7ada<\/strong>&nbsp;\u00e9 voltado para profissionais da \u00e1rea da Periodontia, Implantodontia ou cl\u00ednica geral que buscam trazer a excel\u00eancia est\u00e9tica em seus tratamentos.<\/p>\t\t\t\t\t\t\t\t<\/div>\n\t\t\t\t<\/div>\n\t\t\t\t<div class=\"elementor-element elementor-element-d996911 elementor-mobile-align-left elementor-widget elementor-widget-button\" data-id=\"d996911\" data-element_type=\"widget\" data-e-type=\"widget\" data-widget_type=\"button.default\">\n\t\t\t\t<div class=\"elementor-widget-container\">\n\t\t\t\t\t\t\t\t\t<div class=\"elementor-button-wrapper\">\n\t\t\t\t\t<a class=\"elementor-button elementor-button-link elementor-size-md\" href=\"https:\/\/vilelaoraldesign.com.br\/cursos\/imersao-em-periodontia-avancada\/\">\n\t\t\t\t\t\t<span class=\"elementor-button-content-wrapper\">\n\t\t\t\t\t\t\t\t\t<span class=\"elementor-button-text\">Confira mais informa\u00e7\u00f5es &gt;<\/span>\n\t\t\t\t\t<\/span>\n\t\t\t\t\t<\/a>\n\t\t\t\t<\/div>\n\t\t\t\t\t\t\t\t<\/div>\n\t\t\t\t<\/div>\n\t\t\t\t\t<\/div>\n\t\t<\/div>\n\t\t\t\t<div class=\"elementor-column elementor-col-50 elementor-top-column elementor-element elementor-element-c27db14\" data-id=\"c27db14\" data-element_type=\"column\" data-e-type=\"column\">\n\t\t\t<div class=\"elementor-widget-wrap elementor-element-populated\">\n\t\t\t\t\t\t<div class=\"elementor-element elementor-element-c85d65e elementor-widget elementor-widget-image\" data-id=\"c85d65e\" data-element_type=\"widget\" data-e-type=\"widget\" data-widget_type=\"image.default\">\n\t\t\t\t<div class=\"elementor-widget-container\">\n\t\t\t\t\t\t\t\t\t\t\t\t\t\t\t\t<a href=\"https:\/\/vilelaoraldesign.com.br\/cursos\/fotografia-odontologica\/\" target=\"_blank\">\n\t\t\t\t\t\t\t<img decoding=\"async\" width=\"600\" height=\"328\" src=\"https:\/\/vilelaoraldesign.com.br\/cursos\/wp-content\/uploads\/2022\/09\/VILELA_EMKT01_CURSO_FOTOGRAFIA.png\" class=\"attachment-large size-large wp-image-855\" alt=\"\" srcset=\"https:\/\/vilelaoraldesign.com.br\/cursos\/wp-content\/uploads\/2022\/09\/VILELA_EMKT01_CURSO_FOTOGRAFIA.png 600w, https:\/\/vilelaoraldesign.com.br\/cursos\/wp-content\/uploads\/2022\/09\/VILELA_EMKT01_CURSO_FOTOGRAFIA-300x164.png 300w\" sizes=\"(max-width: 600px) 100vw, 600px\" \/>\t\t\t\t\t\t\t\t<\/a>\n\t\t\t\t\t\t\t\t\t\t\t\t\t\t\t<\/div>\n\t\t\t\t<\/div>\n\t\t\t\t<div class=\"elementor-element elementor-element-6ae117a elementor-widget elementor-widget-heading\" data-id=\"6ae117a\" data-element_type=\"widget\" data-e-type=\"widget\" data-widget_type=\"heading.default\">\n\t\t\t\t<div class=\"elementor-widget-container\">\n\t\t\t\t\t<h2 class=\"elementor-heading-title elementor-size-default\">CURSO<\/h2>\t\t\t\t<\/div>\n\t\t\t\t<\/div>\n\t\t\t\t<div class=\"elementor-element elementor-element-32af224 elementor-widget elementor-widget-heading\" data-id=\"32af224\" data-element_type=\"widget\" data-e-type=\"widget\" data-widget_type=\"heading.default\">\n\t\t\t\t<div class=\"elementor-widget-container\">\n\t\t\t\t\t<h2 class=\"elementor-heading-title elementor-size-default\">Fotografia Odontol\u00f3gica<\/h2>\t\t\t\t<\/div>\n\t\t\t\t<\/div>\n\t\t\t\t<div class=\"elementor-element elementor-element-7d65484 elementor-widget elementor-widget-text-editor\" data-id=\"7d65484\" data-element_type=\"widget\" data-e-type=\"widget\" data-widget_type=\"text-editor.default\">\n\t\t\t\t<div class=\"elementor-widget-container\">\n\t\t\t\t\t\t\t\t\t<p>A fotografia \u00e9 hoje uma ferramenta importante para a odontologia em diversos aspectos: para a documenta\u00e7\u00e3o de casos cl\u00ednicos, diagn\u00f3stico, planejamento digital dos casos, al\u00e9m de ser uma forma de comunica\u00e7\u00e3o com o paciente e o laborat\u00f3rio de pr\u00f3tese. Confira mais informa\u00e7\u00f5es sobre o curso de <b>Fotografia Odontol\u00f3gica<\/b>!<\/p>\t\t\t\t\t\t\t\t<\/div>\n\t\t\t\t<\/div>\n\t\t\t\t<div class=\"elementor-element elementor-element-8da9818 elementor-mobile-align-left elementor-widget elementor-widget-button\" data-id=\"8da9818\" data-element_type=\"widget\" data-e-type=\"widget\" data-widget_type=\"button.default\">\n\t\t\t\t<div class=\"elementor-widget-container\">\n\t\t\t\t\t\t\t\t\t<div class=\"elementor-button-wrapper\">\n\t\t\t\t\t<a class=\"elementor-button elementor-button-link elementor-size-md\" href=\"https:\/\/vilelaoraldesign.com.br\/cursos\/fotografia-odontologica\/\">\n\t\t\t\t\t\t<span class=\"elementor-button-content-wrapper\">\n\t\t\t\t\t\t\t\t\t<span class=\"elementor-button-text\">Confira mais informa\u00e7\u00f5es &gt;<\/span>\n\t\t\t\t\t<\/span>\n\t\t\t\t\t<\/a>\n\t\t\t\t<\/div>\n\t\t\t\t\t\t\t\t<\/div>\n\t\t\t\t<\/div>\n\t\t\t\t\t<\/div>\n\t\t<\/div>\n\t\t\t\t\t<\/div>\n\t\t<\/section>\n\t\t\t\t<\/div>\n\t\t","protected":false},"excerpt":{"rendered":"<p>CURSOS VILELA ORAL DESIGN CURSO Imers\u00e3o em Periodontia avan\u00e7ada A Periodontia tem ganho muita for\u00e7a atualmente, pois oferece mais possibilidades para alcan\u00e7ar resultados de excel\u00eancia. O curso de Imers\u00e3o em Periodontia avan\u00e7ada&nbsp;\u00e9 voltado para profissionais da \u00e1rea da Periodontia, Implantodontia ou cl\u00ednica geral que buscam trazer a excel\u00eancia est\u00e9tica em seus tratamentos. Confira mais informa\u00e7\u00f5es [&hellip;]<\/p>\n","protected":false},"author":3,"featured_media":0,"parent":0,"menu_order":0,"comment_status":"closed","ping_status":"closed","template":"elementor_header_footer","meta":{"footnotes":""},"class_list":["post-392","page","type-page","status-publish","hentry"],"yoast_head":"<!-- This site is optimized with the Yoast SEO plugin v27.4 - https:\/\/yoast.com\/product\/yoast-seo-wordpress\/ -->\n<title>Cursos - Vilela Oral Design<\/title>\n<meta name=\"robots\" content=\"index, follow, max-snippet:-1, max-image-preview:large, max-video-preview:-1\" \/>\n<link rel=\"canonical\" href=\"https:\/\/vilelaoraldesign.com.br\/cursos\/cursos\/\" \/>\n<meta property=\"og:locale\" content=\"pt_BR\" \/>\n<meta property=\"og:type\" content=\"article\" \/>\n<meta property=\"og:title\" content=\"Cursos - Vilela Oral Design\" \/>\n<meta property=\"og:description\" content=\"CURSOS VILELA ORAL DESIGN CURSO Imers\u00e3o em Periodontia avan\u00e7ada A Periodontia tem ganho muita for\u00e7a atualmente, pois oferece mais possibilidades para alcan\u00e7ar resultados de excel\u00eancia. O curso de Imers\u00e3o em Periodontia avan\u00e7ada&nbsp;\u00e9 voltado para profissionais da \u00e1rea da Periodontia, Implantodontia ou cl\u00ednica geral que buscam trazer a excel\u00eancia est\u00e9tica em seus tratamentos. Confira mais informa\u00e7\u00f5es [&hellip;]\" \/>\n<meta property=\"og:url\" content=\"https:\/\/vilelaoraldesign.com.br\/cursos\/cursos\/\" \/>\n<meta property=\"og:site_name\" content=\"Vilela Oral Design\" \/>\n<meta property=\"article:modified_time\" content=\"2022-09-12T13:48:58+00:00\" \/>\n<meta property=\"og:image\" content=\"https:\/\/vilelaoraldesign.com.br\/cursos\/wp-content\/uploads\/2022\/09\/VILELA_EMKT01_CURSO_PERIODONTIA.png\" \/>\n<meta name=\"twitter:card\" content=\"summary_large_image\" \/>\n<meta name=\"twitter:label1\" content=\"Est. tempo de leitura\" \/>\n\t<meta name=\"twitter:data1\" content=\"2 minutos\" \/>\n<script type=\"application\/ld+json\" class=\"yoast-schema-graph\">{\"@context\":\"https:\\\/\\\/schema.org\",\"@graph\":[{\"@type\":\"WebPage\",\"@id\":\"https:\\\/\\\/vilelaoraldesign.com.br\\\/cursos\\\/cursos\\\/\",\"url\":\"https:\\\/\\\/vilelaoraldesign.com.br\\\/cursos\\\/cursos\\\/\",\"name\":\"Cursos - Vilela Oral Design\",\"isPartOf\":{\"@id\":\"https:\\\/\\\/vilelaoraldesign.com.br\\\/cursos\\\/#website\"},\"primaryImageOfPage\":{\"@id\":\"https:\\\/\\\/vilelaoraldesign.com.br\\\/cursos\\\/cursos\\\/#primaryimage\"},\"image\":{\"@id\":\"https:\\\/\\\/vilelaoraldesign.com.br\\\/cursos\\\/cursos\\\/#primaryimage\"},\"thumbnailUrl\":\"https:\\\/\\\/vilelaoraldesign.com.br\\\/cursos\\\/wp-content\\\/uploads\\\/2022\\\/09\\\/VILELA_EMKT01_CURSO_PERIODONTIA.png\",\"datePublished\":\"2021-12-01T01:58:32+00:00\",\"dateModified\":\"2022-09-12T13:48:58+00:00\",\"breadcrumb\":{\"@id\":\"https:\\\/\\\/vilelaoraldesign.com.br\\\/cursos\\\/cursos\\\/#breadcrumb\"},\"inLanguage\":\"pt-BR\",\"potentialAction\":[{\"@type\":\"ReadAction\",\"target\":[\"https:\\\/\\\/vilelaoraldesign.com.br\\\/cursos\\\/cursos\\\/\"]}]},{\"@type\":\"ImageObject\",\"inLanguage\":\"pt-BR\",\"@id\":\"https:\\\/\\\/vilelaoraldesign.com.br\\\/cursos\\\/cursos\\\/#primaryimage\",\"url\":\"https:\\\/\\\/vilelaoraldesign.com.br\\\/cursos\\\/wp-content\\\/uploads\\\/2022\\\/09\\\/VILELA_EMKT01_CURSO_PERIODONTIA.png\",\"contentUrl\":\"https:\\\/\\\/vilelaoraldesign.com.br\\\/cursos\\\/wp-content\\\/uploads\\\/2022\\\/09\\\/VILELA_EMKT01_CURSO_PERIODONTIA.png\",\"width\":600,\"height\":328},{\"@type\":\"BreadcrumbList\",\"@id\":\"https:\\\/\\\/vilelaoraldesign.com.br\\\/cursos\\\/cursos\\\/#breadcrumb\",\"itemListElement\":[{\"@type\":\"ListItem\",\"position\":1,\"name\":\"In\u00edcio\",\"item\":\"https:\\\/\\\/vilelaoraldesign.com.br\\\/cursos\\\/\"},{\"@type\":\"ListItem\",\"position\":2,\"name\":\"Cursos\"}]},{\"@type\":\"WebSite\",\"@id\":\"https:\\\/\\\/vilelaoraldesign.com.br\\\/cursos\\\/#website\",\"url\":\"https:\\\/\\\/vilelaoraldesign.com.br\\\/cursos\\\/\",\"name\":\"Vilela Oral Design\",\"description\":\"Pioneiro do uso da tecnologia 3D\",\"potentialAction\":[{\"@type\":\"SearchAction\",\"target\":{\"@type\":\"EntryPoint\",\"urlTemplate\":\"https:\\\/\\\/vilelaoraldesign.com.br\\\/cursos\\\/?s={search_term_string}\"},\"query-input\":{\"@type\":\"PropertyValueSpecification\",\"valueRequired\":true,\"valueName\":\"search_term_string\"}}],\"inLanguage\":\"pt-BR\"}]}<\/script>\n<!-- \/ Yoast SEO plugin. -->","yoast_head_json":{"title":"Cursos - Vilela Oral Design","robots":{"index":"index","follow":"follow","max-snippet":"max-snippet:-1","max-image-preview":"max-image-preview:large","max-video-preview":"max-video-preview:-1"},"canonical":"https:\/\/vilelaoraldesign.com.br\/cursos\/cursos\/","og_locale":"pt_BR","og_type":"article","og_title":"Cursos - Vilela Oral Design","og_description":"CURSOS VILELA ORAL DESIGN CURSO Imers\u00e3o em Periodontia avan\u00e7ada A Periodontia tem ganho muita for\u00e7a atualmente, pois oferece mais possibilidades para alcan\u00e7ar resultados de excel\u00eancia. O curso de Imers\u00e3o em Periodontia avan\u00e7ada&nbsp;\u00e9 voltado para profissionais da \u00e1rea da Periodontia, Implantodontia ou cl\u00ednica geral que buscam trazer a excel\u00eancia est\u00e9tica em seus tratamentos. Confira mais informa\u00e7\u00f5es [&hellip;]","og_url":"https:\/\/vilelaoraldesign.com.br\/cursos\/cursos\/","og_site_name":"Vilela Oral Design","article_modified_time":"2022-09-12T13:48:58+00:00","og_image":[{"url":"https:\/\/vilelaoraldesign.com.br\/cursos\/wp-content\/uploads\/2022\/09\/VILELA_EMKT01_CURSO_PERIODONTIA.png","type":"","width":"","height":""}],"twitter_card":"summary_large_image","twitter_misc":{"Est. tempo de leitura":"2 minutos"},"schema":{"@context":"https:\/\/schema.org","@graph":[{"@type":"WebPage","@id":"https:\/\/vilelaoraldesign.com.br\/cursos\/cursos\/","url":"https:\/\/vilelaoraldesign.com.br\/cursos\/cursos\/","name":"Cursos - Vilela Oral Design","isPartOf":{"@id":"https:\/\/vilelaoraldesign.com.br\/cursos\/#website"},"primaryImageOfPage":{"@id":"https:\/\/vilelaoraldesign.com.br\/cursos\/cursos\/#primaryimage"},"image":{"@id":"https:\/\/vilelaoraldesign.com.br\/cursos\/cursos\/#primaryimage"},"thumbnailUrl":"https:\/\/vilelaoraldesign.com.br\/cursos\/wp-content\/uploads\/2022\/09\/VILELA_EMKT01_CURSO_PERIODONTIA.png","datePublished":"2021-12-01T01:58:32+00:00","dateModified":"2022-09-12T13:48:58+00:00","breadcrumb":{"@id":"https:\/\/vilelaoraldesign.com.br\/cursos\/cursos\/#breadcrumb"},"inLanguage":"pt-BR","potentialAction":[{"@type":"ReadAction","target":["https:\/\/vilelaoraldesign.com.br\/cursos\/cursos\/"]}]},{"@type":"ImageObject","inLanguage":"pt-BR","@id":"https:\/\/vilelaoraldesign.com.br\/cursos\/cursos\/#primaryimage","url":"https:\/\/vilelaoraldesign.com.br\/cursos\/wp-content\/uploads\/2022\/09\/VILELA_EMKT01_CURSO_PERIODONTIA.png","contentUrl":"https:\/\/vilelaoraldesign.com.br\/cursos\/wp-content\/uploads\/2022\/09\/VILELA_EMKT01_CURSO_PERIODONTIA.png","width":600,"height":328},{"@type":"BreadcrumbList","@id":"https:\/\/vilelaoraldesign.com.br\/cursos\/cursos\/#breadcrumb","itemListElement":[{"@type":"ListItem","position":1,"name":"In\u00edcio","item":"https:\/\/vilelaoraldesign.com.br\/cursos\/"},{"@type":"ListItem","position":2,"name":"Cursos"}]},{"@type":"WebSite","@id":"https:\/\/vilelaoraldesign.com.br\/cursos\/#website","url":"https:\/\/vilelaoraldesign.com.br\/cursos\/","name":"Vilela Oral Design","description":"Pioneiro do uso da tecnologia 3D","potentialAction":[{"@type":"SearchAction","target":{"@type":"EntryPoint","urlTemplate":"https:\/\/vilelaoraldesign.com.br\/cursos\/?s={search_term_string}"},"query-input":{"@type":"PropertyValueSpecification","valueRequired":true,"valueName":"search_term_string"}}],"inLanguage":"pt-BR"}]}},"_links":{"self":[{"href":"https:\/\/vilelaoraldesign.com.br\/cursos\/wp-json\/wp\/v2\/pages\/392","targetHints":{"allow":["GET"]}}],"collection":[{"href":"https:\/\/vilelaoraldesign.com.br\/cursos\/wp-json\/wp\/v2\/pages"}],"about":[{"href":"https:\/\/vilelaoraldesign.com.br\/cursos\/wp-json\/wp\/v2\/types\/page"}],"author":[{"embeddable":true,"href":"https:\/\/vilelaoraldesign.com.br\/cursos\/wp-json\/wp\/v2\/users\/3"}],"replies":[{"embeddable":true,"href":"https:\/\/vilelaoraldesign.com.br\/cursos\/wp-json\/wp\/v2\/comments?post=392"}],"version-history":[{"count":53,"href":"https:\/\/vilelaoraldesign.com.br\/cursos\/wp-json\/wp\/v2\/pages\/392\/revisions"}],"predecessor-version":[{"id":929,"href":"https:\/\/vilelaoraldesign.com.br\/cursos\/wp-json\/wp\/v2\/pages\/392\/revisions\/929"}],"wp:attachment":[{"href":"https:\/\/vilelaoraldesign.com.br\/cursos\/wp-json\/wp\/v2\/media?parent=392"}],"curies":[{"name":"wp","href":"https:\/\/api.w.org\/{rel}","templated":true}]}}