{"id":464,"date":"2021-12-01T08:00:33","date_gmt":"2021-12-01T11:00:33","guid":{"rendered":"https:\/\/vilelaoraldesign.com.br\/cursos\/?page_id=464"},"modified":"2021-12-01T16:47:35","modified_gmt":"2021-12-01T19:47:35","slug":"a-escola","status":"publish","type":"page","link":"https:\/\/vilelaoraldesign.com.br\/cursos\/a-escola\/","title":{"rendered":"A escola"},"content":{"rendered":"\t\t<div data-elementor-type=\"wp-page\" data-elementor-id=\"464\" class=\"elementor elementor-464\" data-elementor-post-type=\"page\">\n\t\t\t\t\t\t<section class=\"elementor-section elementor-top-section elementor-element elementor-element-1ccb33d elementor-section-full_width elementor-section-height-min-height elementor-section-height-default elementor-section-items-middle elementor-invisible\" data-id=\"1ccb33d\" data-element_type=\"section\" data-e-type=\"section\" data-settings=\"{&quot;background_background&quot;:&quot;classic&quot;,&quot;animation&quot;:&quot;fadeInRight&quot;}\">\n\t\t\t\t\t\t<div class=\"elementor-container elementor-column-gap-default\">\n\t\t\t\t\t<div class=\"elementor-column elementor-col-100 elementor-top-column elementor-element elementor-element-10970c1\" data-id=\"10970c1\" data-element_type=\"column\" data-e-type=\"column\">\n\t\t\t<div class=\"elementor-widget-wrap elementor-element-populated\">\n\t\t\t\t\t\t<div class=\"elementor-element elementor-element-a25fad5 elementor-widget elementor-widget-heading\" data-id=\"a25fad5\" data-element_type=\"widget\" data-e-type=\"widget\" data-widget_type=\"heading.default\">\n\t\t\t\t<div class=\"elementor-widget-container\">\n\t\t\t\t\t<h2 class=\"elementor-heading-title elementor-size-default\">A<\/h2>\t\t\t\t<\/div>\n\t\t\t\t<\/div>\n\t\t\t\t<div class=\"elementor-element elementor-element-c1a2dee elementor-widget elementor-widget-heading\" data-id=\"c1a2dee\" data-element_type=\"widget\" data-e-type=\"widget\" data-widget_type=\"heading.default\">\n\t\t\t\t<div class=\"elementor-widget-container\">\n\t\t\t\t\t<h2 class=\"elementor-heading-title elementor-size-default\">Escola<\/h2>\t\t\t\t<\/div>\n\t\t\t\t<\/div>\n\t\t\t\t\t<\/div>\n\t\t<\/div>\n\t\t\t\t\t<\/div>\n\t\t<\/section>\n\t\t\t\t<section class=\"elementor-section elementor-top-section elementor-element elementor-element-e0c9609 elementor-section-full_width elementor-section-height-default elementor-section-height-default\" data-id=\"e0c9609\" data-element_type=\"section\" data-e-type=\"section\">\n\t\t\t\t\t\t<div class=\"elementor-container elementor-column-gap-default\">\n\t\t\t\t\t<div class=\"elementor-column elementor-col-50 elementor-top-column elementor-element elementor-element-19a79f7\" data-id=\"19a79f7\" data-element_type=\"column\" data-e-type=\"column\">\n\t\t\t<div class=\"elementor-widget-wrap elementor-element-populated\">\n\t\t\t\t\t\t<div class=\"elementor-element elementor-element-bc32c8c elementor-widget elementor-widget-heading\" data-id=\"bc32c8c\" data-element_type=\"widget\" data-e-type=\"widget\" data-widget_type=\"heading.default\">\n\t\t\t\t<div class=\"elementor-widget-container\">\n\t\t\t\t\t<h2 class=\"elementor-heading-title elementor-size-default\">INSTITUTO VILELA ORAL DESIGN<\/h2>\t\t\t\t<\/div>\n\t\t\t\t<\/div>\n\t\t\t\t<div class=\"elementor-element elementor-element-bc501f6 elementor-widget elementor-widget-heading\" data-id=\"bc501f6\" data-element_type=\"widget\" data-e-type=\"widget\" data-widget_type=\"heading.default\">\n\t\t\t\t<div class=\"elementor-widget-container\">\n\t\t\t\t\t<h2 class=\"elementor-heading-title elementor-size-default\">Inaugurado em 2017, o Vilela Oral Design foi desenhado com todo o arsenal tecnol\u00f3gico<\/h2>\t\t\t\t<\/div>\n\t\t\t\t<\/div>\n\t\t\t\t<div class=\"elementor-element elementor-element-4a47c70 elementor-widget elementor-widget-text-editor\" data-id=\"4a47c70\" data-element_type=\"widget\" data-e-type=\"widget\" data-widget_type=\"text-editor.default\">\n\t\t\t\t<div class=\"elementor-widget-container\">\n\t\t\t\t\t\t\t\t\t<p>para o treinamento profissional de excel\u00eancia, com conforto e comodidade para os alunos. Os cursos oferecidos s\u00e3o exclusivos e trazem o estado da arte na \u00e1rea da Periodontia Est\u00e9tica, com vasto conte\u00fado cl\u00ednico documentado.<\/p><p>Para potencializar o seu conhecimento, a turma \u00e9 formada com um n\u00famero reduzido de alunos, o que garante acompanhamento pr\u00f3ximo.<\/p><p>Al\u00e9m dos treinamentos, o instituto conta com a tecnologia de transmiss\u00e3o de procedimentos cir\u00fargicos ao vivo em uma tela de alta defini\u00e7\u00e3o.<\/p>\t\t\t\t\t\t\t\t<\/div>\n\t\t\t\t<\/div>\n\t\t\t\t<div class=\"elementor-element elementor-element-3a44fd4 elementor-mobile-align-left elementor-widget elementor-widget-button\" data-id=\"3a44fd4\" data-element_type=\"widget\" data-e-type=\"widget\" data-widget_type=\"button.default\">\n\t\t\t\t<div class=\"elementor-widget-container\">\n\t\t\t\t\t\t\t\t\t<div class=\"elementor-button-wrapper\">\n\t\t\t\t\t<a class=\"elementor-button elementor-button-link elementor-size-md\" href=\"https:\/\/vilelaoraldesign.com.br\/cursos\/cursos\/\">\n\t\t\t\t\t\t<span class=\"elementor-button-content-wrapper\">\n\t\t\t\t\t\t\t\t\t<span class=\"elementor-button-text\">Confira os cursos com inscri\u00e7\u00f5es abertas &gt;<\/span>\n\t\t\t\t\t<\/span>\n\t\t\t\t\t<\/a>\n\t\t\t\t<\/div>\n\t\t\t\t\t\t\t\t<\/div>\n\t\t\t\t<\/div>\n\t\t\t\t\t<\/div>\n\t\t<\/div>\n\t\t\t\t<div class=\"elementor-column elementor-col-50 elementor-top-column elementor-element elementor-element-6b7dd89\" data-id=\"6b7dd89\" data-element_type=\"column\" data-e-type=\"column\">\n\t\t\t<div class=\"elementor-widget-wrap elementor-element-populated\">\n\t\t\t\t\t\t<div class=\"elementor-element elementor-element-11097a0 elementor-skin-carousel elementor-arrows-yes elementor-widget elementor-widget-media-carousel\" data-id=\"11097a0\" data-element_type=\"widget\" data-e-type=\"widget\" data-settings=\"{&quot;slides_per_view&quot;:&quot;1&quot;,&quot;skin&quot;:&quot;carousel&quot;,&quot;effect&quot;:&quot;slide&quot;,&quot;show_arrows&quot;:&quot;yes&quot;,&quot;speed&quot;:500,&quot;autoplay&quot;:&quot;yes&quot;,&quot;autoplay_speed&quot;:5000,&quot;loop&quot;:&quot;yes&quot;,&quot;pause_on_hover&quot;:&quot;yes&quot;,&quot;pause_on_interaction&quot;:&quot;yes&quot;,&quot;space_between&quot;:{&quot;unit&quot;:&quot;px&quot;,&quot;size&quot;:10,&quot;sizes&quot;:[]},&quot;space_between_tablet&quot;:{&quot;unit&quot;:&quot;px&quot;,&quot;size&quot;:10,&quot;sizes&quot;:[]},&quot;space_between_mobile&quot;:{&quot;unit&quot;:&quot;px&quot;,&quot;size&quot;:10,&quot;sizes&quot;:[]}}\" data-widget_type=\"media-carousel.default\">\n\t\t\t\t<div class=\"elementor-widget-container\">\n\t\t\t\t\t\t\t<div class=\"elementor-swiper\">\n\t\t\t<div class=\"elementor-main-swiper swiper-container\">\n\t\t\t\t<div class=\"swiper-wrapper\">\n\t\t\t\t\t\t\t\t\t\t\t<div class=\"swiper-slide\">\n\t\t\t\t\t\t\t\t\t<div class=\"elementor-carousel-image\" role=\"img\" aria-label=\"IMG_8029-scaled\" style=\"background-image: url(&#039;https:\/\/vilelaoraldesign.com.br\/cursos\/wp-content\/uploads\/2021\/11\/IMG_8029-scaled-1.jpg&#039;)\">\n\n\t\t\t\n\t\t\t\t\t<\/div>\n\t\t\t\t\t\t\t\t<\/div>\n\t\t\t\t\t\t\t\t\t\t\t<div class=\"swiper-slide\">\n\t\t\t\t\t\t\t\t\t<div class=\"elementor-carousel-image\" role=\"img\" aria-label=\"IMG_8028-scaled\" style=\"background-image: url(&#039;https:\/\/vilelaoraldesign.com.br\/cursos\/wp-content\/uploads\/2021\/11\/IMG_8028-scaled-1.jpg&#039;)\">\n\n\t\t\t\n\t\t\t\t\t<\/div>\n\t\t\t\t\t\t\t\t<\/div>\n\t\t\t\t\t\t\t\t\t\t\t<div class=\"swiper-slide\">\n\t\t\t\t\t\t\t\t\t<div class=\"elementor-carousel-image\" role=\"img\" aria-label=\"foto-curso\" style=\"background-image: url(&#039;https:\/\/vilelaoraldesign.com.br\/cursos\/wp-content\/uploads\/2021\/12\/foto-curso.jpg&#039;)\">\n\n\t\t\t\n\t\t\t\t\t<\/div>\n\t\t\t\t\t\t\t\t<\/div>\n\t\t\t\t\t\t\t\t\t\t\t<div class=\"swiper-slide\">\n\t\t\t\t\t\t\t\t\t<div class=\"elementor-carousel-image\" role=\"img\" aria-label=\"CARROSSEL_ESCOLA\" style=\"background-image: url(&#039;https:\/\/vilelaoraldesign.com.br\/cursos\/wp-content\/uploads\/2021\/12\/CARROSSEL_ESCOLA.jpg&#039;)\">\n\n\t\t\t\n\t\t\t\t\t<\/div>\n\t\t\t\t\t\t\t\t<\/div>\n\t\t\t\t\t\t\t\t\t\t\t<div class=\"swiper-slide\">\n\t\t\t\t\t\t\t\t\t<div class=\"elementor-carousel-image\" role=\"img\" aria-label=\"IMG_3474-1-scaled-e1575672248132\" style=\"background-image: url(&#039;https:\/\/vilelaoraldesign.com.br\/cursos\/wp-content\/uploads\/2021\/12\/IMG_3474-1-scaled-e1575672248132.jpg&#039;)\">\n\n\t\t\t\n\t\t\t\t\t<\/div>\n\t\t\t\t\t\t\t\t<\/div>\n\t\t\t\t\t\t\t\t\t\t\t<div class=\"swiper-slide\">\n\t\t\t\t\t\t\t\t\t<div class=\"elementor-carousel-image\" role=\"img\" aria-label=\"IMG_5864-scaled\" style=\"background-image: url(&#039;https:\/\/vilelaoraldesign.com.br\/cursos\/wp-content\/uploads\/2021\/12\/IMG_5864-scaled-1.jpg&#039;)\">\n\n\t\t\t\n\t\t\t\t\t<\/div>\n\t\t\t\t\t\t\t\t<\/div>\n\t\t\t\t\t\t\t\t\t<\/div>\n\t\t\t\t\t\t\t\t\t\t\t\t\t\t\t\t\t\t\t\t<div class=\"elementor-swiper-button elementor-swiper-button-prev\" role=\"button\" tabindex=\"0\">\n\t\t\t\t\t\t\t<i aria-hidden=\"true\" class=\"eicon-chevron-left\"><\/i>\t\t\t\t\t\t\t<span class=\"elementor-screen-only\">Anterior<\/span>\n\t\t\t\t\t\t<\/div>\n\t\t\t\t\t\t<div class=\"elementor-swiper-button elementor-swiper-button-next\" role=\"button\" tabindex=\"0\">\n\t\t\t\t\t\t\t<i aria-hidden=\"true\" class=\"eicon-chevron-right\"><\/i>\t\t\t\t\t\t\t<span class=\"elementor-screen-only\">Pr\u00f3ximo<\/span>\n\t\t\t\t\t\t<\/div>\n\t\t\t\t\t\t\t\t\t\t\t\t<\/div>\n\t\t<\/div>\n\t\t\t\t\t\t<\/div>\n\t\t\t\t<\/div>\n\t\t\t\t\t<\/div>\n\t\t<\/div>\n\t\t\t\t\t<\/div>\n\t\t<\/section>\n\t\t\t\t<section class=\"elementor-section elementor-top-section elementor-element elementor-element-b8d959c elementor-section-full_width elementor-section-height-default elementor-section-height-default\" data-id=\"b8d959c\" data-element_type=\"section\" data-e-type=\"section\" data-settings=\"{&quot;background_background&quot;:&quot;classic&quot;}\">\n\t\t\t\t\t\t\t<div class=\"elementor-background-overlay\"><\/div>\n\t\t\t\t\t\t\t<div class=\"elementor-container elementor-column-gap-default\">\n\t\t\t\t\t<div class=\"elementor-column elementor-col-50 elementor-top-column elementor-element elementor-element-1207c6c\" data-id=\"1207c6c\" data-element_type=\"column\" data-e-type=\"column\">\n\t\t\t<div class=\"elementor-widget-wrap elementor-element-populated\">\n\t\t\t\t\t\t<div class=\"elementor-element elementor-element-ba36542 elementor-widget elementor-widget-heading\" data-id=\"ba36542\" data-element_type=\"widget\" data-e-type=\"widget\" data-widget_type=\"heading.default\">\n\t\t\t\t<div class=\"elementor-widget-container\">\n\t\t\t\t\t<h2 class=\"elementor-heading-title elementor-size-default\">Andr\u00e9 Vilela<\/h2>\t\t\t\t<\/div>\n\t\t\t\t<\/div>\n\t\t\t\t<div class=\"elementor-element elementor-element-bde6802 elementor-widget elementor-widget-heading\" data-id=\"bde6802\" data-element_type=\"widget\" data-e-type=\"widget\" data-widget_type=\"heading.default\">\n\t\t\t\t<div class=\"elementor-widget-container\">\n\t\t\t\t\t<h2 class=\"elementor-heading-title elementor-size-default\">CRO-SP 94694<\/h2>\t\t\t\t<\/div>\n\t\t\t\t<\/div>\n\t\t\t\t<div class=\"elementor-element elementor-element-15c46c2 elementor-widget elementor-widget-text-editor\" data-id=\"15c46c2\" data-element_type=\"widget\" data-e-type=\"widget\" data-widget_type=\"text-editor.default\">\n\t\t\t\t<div class=\"elementor-widget-container\">\n\t\t\t\t\t\t\t\t\t<p>&#8211; Mestre e especialista em periodontia;<br \/>&#8211; Especialista em implantodontia;<br \/>&#8211; Autor do livro View &#8211; <strong>A nova era da periodontia<\/strong>, primeiro livro do mundo com tecnologia 3D;<br \/>&#8211; Professor dos programas de p\u00f3s-gradua\u00e7\u00e3o em periodontia e implantodontia;<br \/>&#8211; Membro da Sociedade Brasileira de Periodontologia;<br \/>&#8211; Membro da Sociedade Brasileira de Odontologia Est\u00e9tica;<br \/>&#8211; Membro da Academia Europeia de Osseointegra\u00e7\u00e3o;<br \/>&#8211; Membro da Academia Americana de Periodontia;<br \/>&#8211; Autor de diversos artigos nacionais e internacionais.<\/p>\t\t\t\t\t\t\t\t<\/div>\n\t\t\t\t<\/div>\n\t\t\t\t\t<\/div>\n\t\t<\/div>\n\t\t\t\t<div class=\"elementor-column elementor-col-50 elementor-top-column elementor-element elementor-element-989d4e6\" data-id=\"989d4e6\" data-element_type=\"column\" data-e-type=\"column\">\n\t\t\t<div class=\"elementor-widget-wrap elementor-element-populated\">\n\t\t\t\t\t\t<div class=\"elementor-element elementor-element-71da276 elementor-widget elementor-widget-spacer\" data-id=\"71da276\" data-element_type=\"widget\" data-e-type=\"widget\" data-widget_type=\"spacer.default\">\n\t\t\t\t<div class=\"elementor-widget-container\">\n\t\t\t\t\t\t\t<div class=\"elementor-spacer\">\n\t\t\t<div class=\"elementor-spacer-inner\"><\/div>\n\t\t<\/div>\n\t\t\t\t\t\t<\/div>\n\t\t\t\t<\/div>\n\t\t\t\t\t<\/div>\n\t\t<\/div>\n\t\t\t\t\t<\/div>\n\t\t<\/section>\n\t\t\t\t<section class=\"elementor-section elementor-top-section elementor-element elementor-element-0f4a3c0 elementor-section-full_width elementor-section-height-min-height elementor-section-content-middle elementor-section-height-default elementor-section-items-middle\" data-id=\"0f4a3c0\" data-element_type=\"section\" data-e-type=\"section\" data-settings=\"{&quot;background_background&quot;:&quot;classic&quot;}\">\n\t\t\t\t\t\t<div class=\"elementor-container elementor-column-gap-default\">\n\t\t\t\t\t<div class=\"elementor-column elementor-col-50 elementor-top-column elementor-element elementor-element-1d2bd53\" data-id=\"1d2bd53\" data-element_type=\"column\" data-e-type=\"column\">\n\t\t\t<div class=\"elementor-widget-wrap elementor-element-populated\">\n\t\t\t\t\t\t<div class=\"elementor-element elementor-element-6e2d6cf elementor-widget elementor-widget-heading\" data-id=\"6e2d6cf\" data-element_type=\"widget\" data-e-type=\"widget\" data-widget_type=\"heading.default\">\n\t\t\t\t<div class=\"elementor-widget-container\">\n\t\t\t\t\t<h2 class=\"elementor-heading-title elementor-size-default\">DESTAQUES<\/h2>\t\t\t\t<\/div>\n\t\t\t\t<\/div>\n\t\t\t\t<div class=\"elementor-element elementor-element-4d18ea7 elementor-widget elementor-widget-heading\" data-id=\"4d18ea7\" data-element_type=\"widget\" data-e-type=\"widget\" data-widget_type=\"heading.default\">\n\t\t\t\t<div class=\"elementor-widget-container\">\n\t\t\t\t\t<h2 class=\"elementor-heading-title elementor-size-default\">VIEW: A Nova Era da Periodontia -\nO primeiro livro 3D do mundo<\/h2>\t\t\t\t<\/div>\n\t\t\t\t<\/div>\n\t\t\t\t<div class=\"elementor-element elementor-element-94f65fc elementor-widget elementor-widget-text-editor\" data-id=\"94f65fc\" data-element_type=\"widget\" data-e-type=\"widget\" data-widget_type=\"text-editor.default\">\n\t\t\t\t<div class=\"elementor-widget-container\">\n\t\t\t\t\t\t\t\t\t<p>+ de 50 v\u00eddeos ao todo, sendo 16 com a tecnologia 3D para serem vistos com \u00f3culos especiais.<\/p><p>O livro facilita o entendimento dos princ\u00edpios b\u00e1sicos da periodontia, mostrando como ela se tornou a pe\u00e7a fundamental na integra\u00e7\u00e3o das especialidades dentro do conceito da odontologia de excel\u00eancia, trazendo conceitos pr\u00e1ticos para aplica\u00e7\u00e3o no dia a dia do cl\u00ednico; que busca exercer uma odontologia de qualidade. Suas p\u00e1ginas s\u00e3o ricamente ilustradas com fotografias de alta defini\u00e7\u00e3o e trazem interatividade por meio de v\u00eddeos em 3D, desvendando todos os mist\u00e9rios por tr\u00e1s das t\u00e9cnicas mais promissoras do universo da periodontia moderna.<\/p>\t\t\t\t\t\t\t\t<\/div>\n\t\t\t\t<\/div>\n\t\t\t\t<div class=\"elementor-element elementor-element-e2ad3cc elementor-align-left elementor-widget elementor-widget-button\" data-id=\"e2ad3cc\" data-element_type=\"widget\" data-e-type=\"widget\" data-widget_type=\"button.default\">\n\t\t\t\t<div class=\"elementor-widget-container\">\n\t\t\t\t\t\t\t\t\t<div class=\"elementor-button-wrapper\">\n\t\t\t\t\t<a class=\"elementor-button elementor-button-link elementor-size-md\" href=\"https:\/\/amzn.to\/36XKlYE\" target=\"_blank\">\n\t\t\t\t\t\t<span class=\"elementor-button-content-wrapper\">\n\t\t\t\t\t\t\t\t\t<span class=\"elementor-button-text\">Confira &gt;<\/span>\n\t\t\t\t\t<\/span>\n\t\t\t\t\t<\/a>\n\t\t\t\t<\/div>\n\t\t\t\t\t\t\t\t<\/div>\n\t\t\t\t<\/div>\n\t\t\t\t\t<\/div>\n\t\t<\/div>\n\t\t\t\t<div class=\"elementor-column elementor-col-50 elementor-top-column elementor-element elementor-element-78f516a\" data-id=\"78f516a\" data-element_type=\"column\" data-e-type=\"column\">\n\t\t\t<div class=\"elementor-widget-wrap\">\n\t\t\t\t\t\t\t<\/div>\n\t\t<\/div>\n\t\t\t\t\t<\/div>\n\t\t<\/section>\n\t\t\t\t<\/div>\n\t\t","protected":false},"excerpt":{"rendered":"<p>A Escola INSTITUTO VILELA ORAL DESIGN Inaugurado em 2017, o Vilela Oral Design foi desenhado com todo o arsenal tecnol\u00f3gico para o treinamento profissional de excel\u00eancia, com conforto e comodidade para os alunos. Os cursos oferecidos s\u00e3o exclusivos e trazem o estado da arte na \u00e1rea da Periodontia Est\u00e9tica, com vasto conte\u00fado cl\u00ednico documentado. Para [&hellip;]<\/p>\n","protected":false},"author":3,"featured_media":0,"parent":0,"menu_order":0,"comment_status":"closed","ping_status":"closed","template":"elementor_header_footer","meta":{"footnotes":""},"class_list":["post-464","page","type-page","status-publish","hentry"],"yoast_head":"<!-- This site is optimized with the Yoast SEO plugin v27.4 - https:\/\/yoast.com\/product\/yoast-seo-wordpress\/ -->\n<title>A escola - Vilela Oral Design<\/title>\n<meta name=\"robots\" content=\"index, follow, max-snippet:-1, max-image-preview:large, max-video-preview:-1\" \/>\n<link rel=\"canonical\" href=\"https:\/\/vilelaoraldesign.com.br\/cursos\/a-escola\/\" \/>\n<meta property=\"og:locale\" content=\"pt_BR\" \/>\n<meta property=\"og:type\" content=\"article\" \/>\n<meta property=\"og:title\" content=\"A escola - Vilela Oral Design\" \/>\n<meta property=\"og:description\" content=\"A Escola INSTITUTO VILELA ORAL DESIGN Inaugurado em 2017, o Vilela Oral Design foi desenhado com todo o arsenal tecnol\u00f3gico para o treinamento profissional de excel\u00eancia, com conforto e comodidade para os alunos. Os cursos oferecidos s\u00e3o exclusivos e trazem o estado da arte na \u00e1rea da Periodontia Est\u00e9tica, com vasto conte\u00fado cl\u00ednico documentado. Para [&hellip;]\" \/>\n<meta property=\"og:url\" content=\"https:\/\/vilelaoraldesign.com.br\/cursos\/a-escola\/\" \/>\n<meta property=\"og:site_name\" content=\"Vilela Oral Design\" \/>\n<meta property=\"article:modified_time\" content=\"2021-12-01T19:47:35+00:00\" \/>\n<meta name=\"twitter:card\" content=\"summary_large_image\" \/>\n<meta name=\"twitter:label1\" content=\"Est. tempo de leitura\" \/>\n\t<meta name=\"twitter:data1\" content=\"2 minutos\" \/>\n<script type=\"application\/ld+json\" class=\"yoast-schema-graph\">{\"@context\":\"https:\\\/\\\/schema.org\",\"@graph\":[{\"@type\":\"WebPage\",\"@id\":\"https:\\\/\\\/vilelaoraldesign.com.br\\\/cursos\\\/a-escola\\\/\",\"url\":\"https:\\\/\\\/vilelaoraldesign.com.br\\\/cursos\\\/a-escola\\\/\",\"name\":\"A escola - Vilela Oral Design\",\"isPartOf\":{\"@id\":\"https:\\\/\\\/vilelaoraldesign.com.br\\\/cursos\\\/#website\"},\"datePublished\":\"2021-12-01T11:00:33+00:00\",\"dateModified\":\"2021-12-01T19:47:35+00:00\",\"breadcrumb\":{\"@id\":\"https:\\\/\\\/vilelaoraldesign.com.br\\\/cursos\\\/a-escola\\\/#breadcrumb\"},\"inLanguage\":\"pt-BR\",\"potentialAction\":[{\"@type\":\"ReadAction\",\"target\":[\"https:\\\/\\\/vilelaoraldesign.com.br\\\/cursos\\\/a-escola\\\/\"]}]},{\"@type\":\"BreadcrumbList\",\"@id\":\"https:\\\/\\\/vilelaoraldesign.com.br\\\/cursos\\\/a-escola\\\/#breadcrumb\",\"itemListElement\":[{\"@type\":\"ListItem\",\"position\":1,\"name\":\"In\u00edcio\",\"item\":\"https:\\\/\\\/vilelaoraldesign.com.br\\\/cursos\\\/\"},{\"@type\":\"ListItem\",\"position\":2,\"name\":\"A escola\"}]},{\"@type\":\"WebSite\",\"@id\":\"https:\\\/\\\/vilelaoraldesign.com.br\\\/cursos\\\/#website\",\"url\":\"https:\\\/\\\/vilelaoraldesign.com.br\\\/cursos\\\/\",\"name\":\"Vilela Oral Design\",\"description\":\"Pioneiro do uso da tecnologia 3D\",\"potentialAction\":[{\"@type\":\"SearchAction\",\"target\":{\"@type\":\"EntryPoint\",\"urlTemplate\":\"https:\\\/\\\/vilelaoraldesign.com.br\\\/cursos\\\/?s={search_term_string}\"},\"query-input\":{\"@type\":\"PropertyValueSpecification\",\"valueRequired\":true,\"valueName\":\"search_term_string\"}}],\"inLanguage\":\"pt-BR\"}]}<\/script>\n<!-- \/ Yoast SEO plugin. -->","yoast_head_json":{"title":"A escola - Vilela Oral Design","robots":{"index":"index","follow":"follow","max-snippet":"max-snippet:-1","max-image-preview":"max-image-preview:large","max-video-preview":"max-video-preview:-1"},"canonical":"https:\/\/vilelaoraldesign.com.br\/cursos\/a-escola\/","og_locale":"pt_BR","og_type":"article","og_title":"A escola - Vilela Oral Design","og_description":"A Escola INSTITUTO VILELA ORAL DESIGN Inaugurado em 2017, o Vilela Oral Design foi desenhado com todo o arsenal tecnol\u00f3gico para o treinamento profissional de excel\u00eancia, com conforto e comodidade para os alunos. Os cursos oferecidos s\u00e3o exclusivos e trazem o estado da arte na \u00e1rea da Periodontia Est\u00e9tica, com vasto conte\u00fado cl\u00ednico documentado. Para [&hellip;]","og_url":"https:\/\/vilelaoraldesign.com.br\/cursos\/a-escola\/","og_site_name":"Vilela Oral Design","article_modified_time":"2021-12-01T19:47:35+00:00","twitter_card":"summary_large_image","twitter_misc":{"Est. tempo de leitura":"2 minutos"},"schema":{"@context":"https:\/\/schema.org","@graph":[{"@type":"WebPage","@id":"https:\/\/vilelaoraldesign.com.br\/cursos\/a-escola\/","url":"https:\/\/vilelaoraldesign.com.br\/cursos\/a-escola\/","name":"A escola - Vilela Oral Design","isPartOf":{"@id":"https:\/\/vilelaoraldesign.com.br\/cursos\/#website"},"datePublished":"2021-12-01T11:00:33+00:00","dateModified":"2021-12-01T19:47:35+00:00","breadcrumb":{"@id":"https:\/\/vilelaoraldesign.com.br\/cursos\/a-escola\/#breadcrumb"},"inLanguage":"pt-BR","potentialAction":[{"@type":"ReadAction","target":["https:\/\/vilelaoraldesign.com.br\/cursos\/a-escola\/"]}]},{"@type":"BreadcrumbList","@id":"https:\/\/vilelaoraldesign.com.br\/cursos\/a-escola\/#breadcrumb","itemListElement":[{"@type":"ListItem","position":1,"name":"In\u00edcio","item":"https:\/\/vilelaoraldesign.com.br\/cursos\/"},{"@type":"ListItem","position":2,"name":"A escola"}]},{"@type":"WebSite","@id":"https:\/\/vilelaoraldesign.com.br\/cursos\/#website","url":"https:\/\/vilelaoraldesign.com.br\/cursos\/","name":"Vilela Oral Design","description":"Pioneiro do uso da tecnologia 3D","potentialAction":[{"@type":"SearchAction","target":{"@type":"EntryPoint","urlTemplate":"https:\/\/vilelaoraldesign.com.br\/cursos\/?s={search_term_string}"},"query-input":{"@type":"PropertyValueSpecification","valueRequired":true,"valueName":"search_term_string"}}],"inLanguage":"pt-BR"}]}},"_links":{"self":[{"href":"https:\/\/vilelaoraldesign.com.br\/cursos\/wp-json\/wp\/v2\/pages\/464","targetHints":{"allow":["GET"]}}],"collection":[{"href":"https:\/\/vilelaoraldesign.com.br\/cursos\/wp-json\/wp\/v2\/pages"}],"about":[{"href":"https:\/\/vilelaoraldesign.com.br\/cursos\/wp-json\/wp\/v2\/types\/page"}],"author":[{"embeddable":true,"href":"https:\/\/vilelaoraldesign.com.br\/cursos\/wp-json\/wp\/v2\/users\/3"}],"replies":[{"embeddable":true,"href":"https:\/\/vilelaoraldesign.com.br\/cursos\/wp-json\/wp\/v2\/comments?post=464"}],"version-history":[{"count":40,"href":"https:\/\/vilelaoraldesign.com.br\/cursos\/wp-json\/wp\/v2\/pages\/464\/revisions"}],"predecessor-version":[{"id":588,"href":"https:\/\/vilelaoraldesign.com.br\/cursos\/wp-json\/wp\/v2\/pages\/464\/revisions\/588"}],"wp:attachment":[{"href":"https:\/\/vilelaoraldesign.com.br\/cursos\/wp-json\/wp\/v2\/media?parent=464"}],"curies":[{"name":"wp","href":"https:\/\/api.w.org\/{rel}","templated":true}]}}