{"id":532,"date":"2021-12-01T12:16:07","date_gmt":"2021-12-01T15:16:07","guid":{"rendered":"https:\/\/vilelaoraldesign.com.br\/cursos\/?page_id=532"},"modified":"2021-12-02T22:01:55","modified_gmt":"2021-12-03T01:01:55","slug":"blog","status":"publish","type":"page","link":"https:\/\/vilelaoraldesign.com.br\/cursos\/blog\/","title":{"rendered":"Blog"},"content":{"rendered":"\t\t<div data-elementor-type=\"wp-page\" data-elementor-id=\"532\" class=\"elementor elementor-532\" data-elementor-post-type=\"page\">\n\t\t\t\t\t\t<section class=\"elementor-section elementor-top-section elementor-element elementor-element-efca188 elementor-section-full_width elementor-section-height-min-height elementor-section-height-default elementor-section-items-middle\" data-id=\"efca188\" data-element_type=\"section\" data-e-type=\"section\" data-settings=\"{&quot;background_background&quot;:&quot;classic&quot;}\">\n\t\t\t\t\t\t<div class=\"elementor-container elementor-column-gap-default\">\n\t\t\t\t\t<div class=\"elementor-column elementor-col-100 elementor-top-column elementor-element elementor-element-6ddb5f0\" data-id=\"6ddb5f0\" data-element_type=\"column\" data-e-type=\"column\">\n\t\t\t<div class=\"elementor-widget-wrap elementor-element-populated\">\n\t\t\t\t\t\t<div class=\"elementor-element elementor-element-0e0919c elementor-widget elementor-widget-heading\" data-id=\"0e0919c\" data-element_type=\"widget\" data-e-type=\"widget\" data-widget_type=\"heading.default\">\n\t\t\t\t<div class=\"elementor-widget-container\">\n\t\t\t\t\t<h2 class=\"elementor-heading-title elementor-size-default\">BLOG<\/h2>\t\t\t\t<\/div>\n\t\t\t\t<\/div>\n\t\t\t\t\t<\/div>\n\t\t<\/div>\n\t\t\t\t\t<\/div>\n\t\t<\/section>\n\t\t\t\t<section class=\"elementor-section elementor-top-section elementor-element elementor-element-73c9187 elementor-section-full_width elementor-section-height-default elementor-section-height-default\" data-id=\"73c9187\" data-element_type=\"section\" data-e-type=\"section\">\n\t\t\t\t\t\t<div class=\"elementor-container elementor-column-gap-default\">\n\t\t\t\t\t<div class=\"elementor-column elementor-col-100 elementor-top-column elementor-element elementor-element-2ac3b84\" data-id=\"2ac3b84\" data-element_type=\"column\" data-e-type=\"column\">\n\t\t\t<div class=\"elementor-widget-wrap elementor-element-populated\">\n\t\t\t\t\t\t<div class=\"elementor-element elementor-element-0b56987 elementor-widget elementor-widget-heading\" data-id=\"0b56987\" data-element_type=\"widget\" data-e-type=\"widget\" data-widget_type=\"heading.default\">\n\t\t\t\t<div class=\"elementor-widget-container\">\n\t\t\t\t\t<h2 class=\"elementor-heading-title elementor-size-default\">QUER APRENDER MAIS?\nCONFIRA NOSSOS CONTE\u00daDOS <br>EXCLUSIVOS GRATUITAMENTE<\/h2>\t\t\t\t<\/div>\n\t\t\t\t<\/div>\n\t\t\t\t<div class=\"elementor-element elementor-element-e3f7079 elementor-mobile-align-left elementor-widget elementor-widget-button\" data-id=\"e3f7079\" data-element_type=\"widget\" data-e-type=\"widget\" data-widget_type=\"button.default\">\n\t\t\t\t<div class=\"elementor-widget-container\">\n\t\t\t\t\t\t\t\t\t<div class=\"elementor-button-wrapper\">\n\t\t\t\t\t<a class=\"elementor-button elementor-button-link elementor-size-md\" href=\"https:\/\/vilelaoraldesign.com.br\/cursos\/downloads\/\">\n\t\t\t\t\t\t<span class=\"elementor-button-content-wrapper\">\n\t\t\t\t\t\t\t\t\t<span class=\"elementor-button-text\">Confira &gt;<\/span>\n\t\t\t\t\t<\/span>\n\t\t\t\t\t<\/a>\n\t\t\t\t<\/div>\n\t\t\t\t\t\t\t\t<\/div>\n\t\t\t\t<\/div>\n\t\t\t\t<div class=\"elementor-element elementor-element-d1dc034 elementor-grid-3 elementor-grid-tablet-2 elementor-grid-mobile-1 elementor-posts--thumbnail-top elementor-card-shadow-yes elementor-posts__hover-gradient elementor-widget elementor-widget-posts\" data-id=\"d1dc034\" data-element_type=\"widget\" data-e-type=\"widget\" data-settings=\"{&quot;cards_masonry&quot;:&quot;yes&quot;,&quot;cards_columns&quot;:&quot;3&quot;,&quot;cards_columns_tablet&quot;:&quot;2&quot;,&quot;cards_columns_mobile&quot;:&quot;1&quot;,&quot;cards_row_gap&quot;:{&quot;unit&quot;:&quot;px&quot;,&quot;size&quot;:35,&quot;sizes&quot;:[]},&quot;cards_row_gap_tablet&quot;:{&quot;unit&quot;:&quot;px&quot;,&quot;size&quot;:&quot;&quot;,&quot;sizes&quot;:[]},&quot;cards_row_gap_mobile&quot;:{&quot;unit&quot;:&quot;px&quot;,&quot;size&quot;:&quot;&quot;,&quot;sizes&quot;:[]}}\" data-widget_type=\"posts.cards\">\n\t\t\t\t<div class=\"elementor-widget-container\">\n\t\t\t\t\t\t\t<div class=\"elementor-posts-container elementor-posts elementor-posts--skin-cards elementor-grid\">\n\t\t\t\t<article class=\"elementor-post elementor-grid-item post-628 post type-post status-publish format-standard has-post-thumbnail hentry category-sem-categoria\">\n\t\t\t<div class=\"elementor-post__card\">\n\t\t\t\t<a class=\"elementor-post__thumbnail__link\" href=\"https:\/\/vilelaoraldesign.com.br\/cursos\/iluminacao-para-fotografias-odontologicas\/\" target=\"_blank\"><div class=\"elementor-post__thumbnail\"><img fetchpriority=\"high\" decoding=\"async\" width=\"300\" height=\"200\" src=\"https:\/\/vilelaoraldesign.com.br\/cursos\/wp-content\/uploads\/2021\/12\/thumb02-300x200.jpg\" class=\"attachment-medium size-medium wp-image-633\" alt=\"\" srcset=\"https:\/\/vilelaoraldesign.com.br\/cursos\/wp-content\/uploads\/2021\/12\/thumb02-300x200.jpg 300w, https:\/\/vilelaoraldesign.com.br\/cursos\/wp-content\/uploads\/2021\/12\/thumb02.jpg 530w\" sizes=\"(max-width: 300px) 100vw, 300px\" \/><\/div><\/a>\n\t\t\t\t<div class=\"elementor-post__text\">\n\t\t\t\t<h3 class=\"elementor-post__title\">\n\t\t\t<a href=\"https:\/\/vilelaoraldesign.com.br\/cursos\/iluminacao-para-fotografias-odontologicas\/\" target=&quot;_blank&quot;>\n\t\t\t\tIlumina\u00e7\u00e3o para fotografias odontol\u00f3gicas\t\t\t<\/a>\n\t\t<\/h3>\n\t\t\t\t<div class=\"elementor-post__excerpt\">\n\t\t\t<p>Quer mais dicas de fotografias para odontologia? Mas quais as op\u00e7\u00f5es de ilumina\u00e7\u00e3o para fotografias em odontologia?<\/p>\n\t\t<\/div>\n\t\t\n\t\t<a class=\"elementor-post__read-more\" href=\"https:\/\/vilelaoraldesign.com.br\/cursos\/iluminacao-para-fotografias-odontologicas\/\" aria-label=\"Read more about Ilumina\u00e7\u00e3o para fotografias odontol\u00f3gicas\" target=\"_blank\">\n\t\t\tLeia Mais\t\t<\/a>\n\n\t\t\t\t<\/div>\n\t\t\t\t\t<\/div>\n\t\t<\/article>\n\t\t\t\t<article class=\"elementor-post elementor-grid-item post-621 post type-post status-publish format-standard has-post-thumbnail hentry category-sem-categoria\">\n\t\t\t<div class=\"elementor-post__card\">\n\t\t\t\t<a class=\"elementor-post__thumbnail__link\" href=\"https:\/\/vilelaoraldesign.com.br\/cursos\/uso-de-amelogenina-em-cirurgias-mucogengivais\/\" target=\"_blank\"><div class=\"elementor-post__thumbnail\"><img decoding=\"async\" width=\"300\" height=\"200\" src=\"https:\/\/vilelaoraldesign.com.br\/cursos\/wp-content\/uploads\/2021\/12\/amelogenina-300x200.jpg\" class=\"attachment-medium size-medium wp-image-622\" alt=\"\" srcset=\"https:\/\/vilelaoraldesign.com.br\/cursos\/wp-content\/uploads\/2021\/12\/amelogenina-300x200.jpg 300w, https:\/\/vilelaoraldesign.com.br\/cursos\/wp-content\/uploads\/2021\/12\/amelogenina.jpg 530w\" sizes=\"(max-width: 300px) 100vw, 300px\" \/><\/div><\/a>\n\t\t\t\t<div class=\"elementor-post__text\">\n\t\t\t\t<h3 class=\"elementor-post__title\">\n\t\t\t<a href=\"https:\/\/vilelaoraldesign.com.br\/cursos\/uso-de-amelogenina-em-cirurgias-mucogengivais\/\" target=&quot;_blank&quot;>\n\t\t\t\tUso de amelogenina em cirurgias mucogengivais\t\t\t<\/a>\n\t\t<\/h3>\n\t\t\t\t<div class=\"elementor-post__excerpt\">\n\t\t\t<p>Voc\u00ea sabe o que s\u00e3o amelogeninas e como podem ser utilizadas durante as cirurgias mucogengivais?<\/p>\n\t\t<\/div>\n\t\t\n\t\t<a class=\"elementor-post__read-more\" href=\"https:\/\/vilelaoraldesign.com.br\/cursos\/uso-de-amelogenina-em-cirurgias-mucogengivais\/\" aria-label=\"Read more about Uso de amelogenina em cirurgias mucogengivais\" target=\"_blank\">\n\t\t\tLeia Mais\t\t<\/a>\n\n\t\t\t\t<\/div>\n\t\t\t\t\t<\/div>\n\t\t<\/article>\n\t\t\t\t<article class=\"elementor-post elementor-grid-item post-617 post type-post status-publish format-standard has-post-thumbnail hentry category-sem-categoria\">\n\t\t\t<div class=\"elementor-post__card\">\n\t\t\t\t<a class=\"elementor-post__thumbnail__link\" href=\"https:\/\/vilelaoraldesign.com.br\/cursos\/reabilitacao-estetica-cirurgia-plastica-periodontal-associada-a-laminados-ceramicos\/\" target=\"_blank\"><div class=\"elementor-post__thumbnail\"><img decoding=\"async\" width=\"300\" height=\"200\" src=\"https:\/\/vilelaoraldesign.com.br\/cursos\/wp-content\/uploads\/2021\/12\/post-reabilitacao-estetica-300x200.jpg\" class=\"attachment-medium size-medium wp-image-619\" alt=\"\" srcset=\"https:\/\/vilelaoraldesign.com.br\/cursos\/wp-content\/uploads\/2021\/12\/post-reabilitacao-estetica-300x200.jpg 300w, https:\/\/vilelaoraldesign.com.br\/cursos\/wp-content\/uploads\/2021\/12\/post-reabilitacao-estetica.jpg 530w\" sizes=\"(max-width: 300px) 100vw, 300px\" \/><\/div><\/a>\n\t\t\t\t<div class=\"elementor-post__text\">\n\t\t\t\t<h3 class=\"elementor-post__title\">\n\t\t\t<a href=\"https:\/\/vilelaoraldesign.com.br\/cursos\/reabilitacao-estetica-cirurgia-plastica-periodontal-associada-a-laminados-ceramicos\/\" target=&quot;_blank&quot;>\n\t\t\t\tReabilita\u00e7\u00e3o est\u00e9tica: cirurgia pl\u00e1stica periodontal associada a laminados cer\u00e2micos\t\t\t<\/a>\n\t\t<\/h3>\n\t\t\t\t<div class=\"elementor-post__excerpt\">\n\t\t\t<p>A reabilita\u00e7\u00e3o est\u00e9tica est\u00e1 intimamente ligada ao conceito de sa\u00fade e bem-estar do paciente.<\/p>\n\t\t<\/div>\n\t\t\n\t\t<a class=\"elementor-post__read-more\" href=\"https:\/\/vilelaoraldesign.com.br\/cursos\/reabilitacao-estetica-cirurgia-plastica-periodontal-associada-a-laminados-ceramicos\/\" aria-label=\"Read more about Reabilita\u00e7\u00e3o est\u00e9tica: cirurgia pl\u00e1stica periodontal associada a laminados cer\u00e2micos\" target=\"_blank\">\n\t\t\tLeia Mais\t\t<\/a>\n\n\t\t\t\t<\/div>\n\t\t\t\t\t<\/div>\n\t\t<\/article>\n\t\t\t\t<article class=\"elementor-post elementor-grid-item post-614 post type-post status-publish format-standard has-post-thumbnail hentry category-sem-categoria\">\n\t\t\t<div class=\"elementor-post__card\">\n\t\t\t\t<a class=\"elementor-post__thumbnail__link\" href=\"https:\/\/vilelaoraldesign.com.br\/cursos\/tudo-o-que-voce-precisa-saber-sobre-implantes-adjacentes-desafios-e-solucoes\/\" target=\"_blank\"><div class=\"elementor-post__thumbnail\"><img loading=\"lazy\" decoding=\"async\" width=\"300\" height=\"200\" src=\"https:\/\/vilelaoraldesign.com.br\/cursos\/wp-content\/uploads\/2021\/12\/post-implantes-adjacentes-300x200.jpg\" class=\"attachment-medium size-medium wp-image-615\" alt=\"\" srcset=\"https:\/\/vilelaoraldesign.com.br\/cursos\/wp-content\/uploads\/2021\/12\/post-implantes-adjacentes-300x200.jpg 300w, https:\/\/vilelaoraldesign.com.br\/cursos\/wp-content\/uploads\/2021\/12\/post-implantes-adjacentes.jpg 530w\" sizes=\"(max-width: 300px) 100vw, 300px\" \/><\/div><\/a>\n\t\t\t\t<div class=\"elementor-post__text\">\n\t\t\t\t<h3 class=\"elementor-post__title\">\n\t\t\t<a href=\"https:\/\/vilelaoraldesign.com.br\/cursos\/tudo-o-que-voce-precisa-saber-sobre-implantes-adjacentes-desafios-e-solucoes\/\" target=&quot;_blank&quot;>\n\t\t\t\tTudo o que voc\u00ea precisa saber sobre implantes adjacentes: desafios e solu\u00e7\u00f5es\t\t\t<\/a>\n\t\t<\/h3>\n\t\t\t\t<div class=\"elementor-post__excerpt\">\n\t\t\t<p>Muita coisa mudou desde o surgimento da Implantodontia.<\/p>\n\t\t<\/div>\n\t\t\n\t\t<a class=\"elementor-post__read-more\" href=\"https:\/\/vilelaoraldesign.com.br\/cursos\/tudo-o-que-voce-precisa-saber-sobre-implantes-adjacentes-desafios-e-solucoes\/\" aria-label=\"Read more about Tudo o que voc\u00ea precisa saber sobre implantes adjacentes: desafios e solu\u00e7\u00f5es\" target=\"_blank\">\n\t\t\tLeia Mais\t\t<\/a>\n\n\t\t\t\t<\/div>\n\t\t\t\t\t<\/div>\n\t\t<\/article>\n\t\t\t\t<article class=\"elementor-post elementor-grid-item post-610 post type-post status-publish format-standard has-post-thumbnail hentry category-sem-categoria\">\n\t\t\t<div class=\"elementor-post__card\">\n\t\t\t\t<a class=\"elementor-post__thumbnail__link\" href=\"https:\/\/vilelaoraldesign.com.br\/cursos\/sorriso-gengival-o-que-voce-precisa-saber-para-diagnosticar-essa-condicao\/\" target=\"_blank\"><div class=\"elementor-post__thumbnail\"><img loading=\"lazy\" decoding=\"async\" width=\"300\" height=\"200\" src=\"https:\/\/vilelaoraldesign.com.br\/cursos\/wp-content\/uploads\/2021\/12\/IMG_4751-scaled-1-300x200.jpg\" class=\"attachment-medium size-medium wp-image-612\" alt=\"\" srcset=\"https:\/\/vilelaoraldesign.com.br\/cursos\/wp-content\/uploads\/2021\/12\/IMG_4751-scaled-1-300x200.jpg 300w, https:\/\/vilelaoraldesign.com.br\/cursos\/wp-content\/uploads\/2021\/12\/IMG_4751-scaled-1-1024x683.jpg 1024w, https:\/\/vilelaoraldesign.com.br\/cursos\/wp-content\/uploads\/2021\/12\/IMG_4751-scaled-1-768x512.jpg 768w, https:\/\/vilelaoraldesign.com.br\/cursos\/wp-content\/uploads\/2021\/12\/IMG_4751-scaled-1-1536x1024.jpg 1536w, https:\/\/vilelaoraldesign.com.br\/cursos\/wp-content\/uploads\/2021\/12\/IMG_4751-scaled-1-2048x1366.jpg 2048w\" sizes=\"(max-width: 300px) 100vw, 300px\" \/><\/div><\/a>\n\t\t\t\t<div class=\"elementor-post__text\">\n\t\t\t\t<h3 class=\"elementor-post__title\">\n\t\t\t<a href=\"https:\/\/vilelaoraldesign.com.br\/cursos\/sorriso-gengival-o-que-voce-precisa-saber-para-diagnosticar-essa-condicao\/\" target=&quot;_blank&quot;>\n\t\t\t\tSorriso gengival: o que voc\u00ea precisa saber para diagnosticar essa condi\u00e7\u00e3o?\t\t\t<\/a>\n\t\t<\/h3>\n\t\t\t\t<div class=\"elementor-post__excerpt\">\n\t\t\t<p>O aumento da exposi\u00e7\u00e3o gengival leva \u00e0 falta de harmonia entre os elementos do sorriso.<\/p>\n\t\t<\/div>\n\t\t\n\t\t<a class=\"elementor-post__read-more\" href=\"https:\/\/vilelaoraldesign.com.br\/cursos\/sorriso-gengival-o-que-voce-precisa-saber-para-diagnosticar-essa-condicao\/\" aria-label=\"Read more about Sorriso gengival: o que voc\u00ea precisa saber para diagnosticar essa condi\u00e7\u00e3o?\" target=\"_blank\">\n\t\t\tLeia Mais\t\t<\/a>\n\n\t\t\t\t<\/div>\n\t\t\t\t\t<\/div>\n\t\t<\/article>\n\t\t\t\t<\/div>\n\t\t\n\t\t\t\t\t\t<\/div>\n\t\t\t\t<\/div>\n\t\t\t\t\t<\/div>\n\t\t<\/div>\n\t\t\t\t\t<\/div>\n\t\t<\/section>\n\t\t\t\t<\/div>\n\t\t","protected":false},"excerpt":{"rendered":"<p>BLOG QUER APRENDER MAIS? CONFIRA NOSSOS CONTE\u00daDOS EXCLUSIVOS GRATUITAMENTE Confira ><\/p>\n","protected":false},"author":3,"featured_media":0,"parent":0,"menu_order":0,"comment_status":"closed","ping_status":"closed","template":"elementor_header_footer","meta":{"footnotes":""},"class_list":["post-532","page","type-page","status-publish","hentry"],"yoast_head":"<!-- This site is optimized with the Yoast SEO plugin v27.4 - https:\/\/yoast.com\/product\/yoast-seo-wordpress\/ -->\n<title>Blog - Vilela Oral Design<\/title>\n<meta name=\"robots\" content=\"index, follow, max-snippet:-1, max-image-preview:large, max-video-preview:-1\" \/>\n<link rel=\"canonical\" href=\"https:\/\/vilelaoraldesign.com.br\/cursos\/blog\/\" \/>\n<meta property=\"og:locale\" content=\"pt_BR\" \/>\n<meta property=\"og:type\" content=\"article\" \/>\n<meta property=\"og:title\" content=\"Blog - Vilela Oral Design\" \/>\n<meta property=\"og:description\" content=\"BLOG QUER APRENDER MAIS? CONFIRA NOSSOS CONTE\u00daDOS EXCLUSIVOS GRATUITAMENTE Confira &gt;\" \/>\n<meta property=\"og:url\" content=\"https:\/\/vilelaoraldesign.com.br\/cursos\/blog\/\" \/>\n<meta property=\"og:site_name\" content=\"Vilela Oral Design\" \/>\n<meta property=\"article:modified_time\" content=\"2021-12-03T01:01:55+00:00\" \/>\n<meta name=\"twitter:card\" content=\"summary_large_image\" \/>\n<script type=\"application\/ld+json\" class=\"yoast-schema-graph\">{\"@context\":\"https:\\\/\\\/schema.org\",\"@graph\":[{\"@type\":\"WebPage\",\"@id\":\"https:\\\/\\\/vilelaoraldesign.com.br\\\/cursos\\\/blog\\\/\",\"url\":\"https:\\\/\\\/vilelaoraldesign.com.br\\\/cursos\\\/blog\\\/\",\"name\":\"Blog - Vilela Oral Design\",\"isPartOf\":{\"@id\":\"https:\\\/\\\/vilelaoraldesign.com.br\\\/cursos\\\/#website\"},\"datePublished\":\"2021-12-01T15:16:07+00:00\",\"dateModified\":\"2021-12-03T01:01:55+00:00\",\"breadcrumb\":{\"@id\":\"https:\\\/\\\/vilelaoraldesign.com.br\\\/cursos\\\/blog\\\/#breadcrumb\"},\"inLanguage\":\"pt-BR\",\"potentialAction\":[{\"@type\":\"ReadAction\",\"target\":[\"https:\\\/\\\/vilelaoraldesign.com.br\\\/cursos\\\/blog\\\/\"]}]},{\"@type\":\"BreadcrumbList\",\"@id\":\"https:\\\/\\\/vilelaoraldesign.com.br\\\/cursos\\\/blog\\\/#breadcrumb\",\"itemListElement\":[{\"@type\":\"ListItem\",\"position\":1,\"name\":\"In\u00edcio\",\"item\":\"https:\\\/\\\/vilelaoraldesign.com.br\\\/cursos\\\/\"},{\"@type\":\"ListItem\",\"position\":2,\"name\":\"Blog\"}]},{\"@type\":\"WebSite\",\"@id\":\"https:\\\/\\\/vilelaoraldesign.com.br\\\/cursos\\\/#website\",\"url\":\"https:\\\/\\\/vilelaoraldesign.com.br\\\/cursos\\\/\",\"name\":\"Vilela Oral Design\",\"description\":\"Pioneiro do uso da tecnologia 3D\",\"potentialAction\":[{\"@type\":\"SearchAction\",\"target\":{\"@type\":\"EntryPoint\",\"urlTemplate\":\"https:\\\/\\\/vilelaoraldesign.com.br\\\/cursos\\\/?s={search_term_string}\"},\"query-input\":{\"@type\":\"PropertyValueSpecification\",\"valueRequired\":true,\"valueName\":\"search_term_string\"}}],\"inLanguage\":\"pt-BR\"}]}<\/script>\n<!-- \/ Yoast SEO plugin. -->","yoast_head_json":{"title":"Blog - Vilela Oral Design","robots":{"index":"index","follow":"follow","max-snippet":"max-snippet:-1","max-image-preview":"max-image-preview:large","max-video-preview":"max-video-preview:-1"},"canonical":"https:\/\/vilelaoraldesign.com.br\/cursos\/blog\/","og_locale":"pt_BR","og_type":"article","og_title":"Blog - Vilela Oral Design","og_description":"BLOG QUER APRENDER MAIS? CONFIRA NOSSOS CONTE\u00daDOS EXCLUSIVOS GRATUITAMENTE Confira >","og_url":"https:\/\/vilelaoraldesign.com.br\/cursos\/blog\/","og_site_name":"Vilela Oral Design","article_modified_time":"2021-12-03T01:01:55+00:00","twitter_card":"summary_large_image","schema":{"@context":"https:\/\/schema.org","@graph":[{"@type":"WebPage","@id":"https:\/\/vilelaoraldesign.com.br\/cursos\/blog\/","url":"https:\/\/vilelaoraldesign.com.br\/cursos\/blog\/","name":"Blog - Vilela Oral Design","isPartOf":{"@id":"https:\/\/vilelaoraldesign.com.br\/cursos\/#website"},"datePublished":"2021-12-01T15:16:07+00:00","dateModified":"2021-12-03T01:01:55+00:00","breadcrumb":{"@id":"https:\/\/vilelaoraldesign.com.br\/cursos\/blog\/#breadcrumb"},"inLanguage":"pt-BR","potentialAction":[{"@type":"ReadAction","target":["https:\/\/vilelaoraldesign.com.br\/cursos\/blog\/"]}]},{"@type":"BreadcrumbList","@id":"https:\/\/vilelaoraldesign.com.br\/cursos\/blog\/#breadcrumb","itemListElement":[{"@type":"ListItem","position":1,"name":"In\u00edcio","item":"https:\/\/vilelaoraldesign.com.br\/cursos\/"},{"@type":"ListItem","position":2,"name":"Blog"}]},{"@type":"WebSite","@id":"https:\/\/vilelaoraldesign.com.br\/cursos\/#website","url":"https:\/\/vilelaoraldesign.com.br\/cursos\/","name":"Vilela Oral Design","description":"Pioneiro do uso da tecnologia 3D","potentialAction":[{"@type":"SearchAction","target":{"@type":"EntryPoint","urlTemplate":"https:\/\/vilelaoraldesign.com.br\/cursos\/?s={search_term_string}"},"query-input":{"@type":"PropertyValueSpecification","valueRequired":true,"valueName":"search_term_string"}}],"inLanguage":"pt-BR"}]}},"_links":{"self":[{"href":"https:\/\/vilelaoraldesign.com.br\/cursos\/wp-json\/wp\/v2\/pages\/532","targetHints":{"allow":["GET"]}}],"collection":[{"href":"https:\/\/vilelaoraldesign.com.br\/cursos\/wp-json\/wp\/v2\/pages"}],"about":[{"href":"https:\/\/vilelaoraldesign.com.br\/cursos\/wp-json\/wp\/v2\/types\/page"}],"author":[{"embeddable":true,"href":"https:\/\/vilelaoraldesign.com.br\/cursos\/wp-json\/wp\/v2\/users\/3"}],"replies":[{"embeddable":true,"href":"https:\/\/vilelaoraldesign.com.br\/cursos\/wp-json\/wp\/v2\/comments?post=532"}],"version-history":[{"count":19,"href":"https:\/\/vilelaoraldesign.com.br\/cursos\/wp-json\/wp\/v2\/pages\/532\/revisions"}],"predecessor-version":[{"id":646,"href":"https:\/\/vilelaoraldesign.com.br\/cursos\/wp-json\/wp\/v2\/pages\/532\/revisions\/646"}],"wp:attachment":[{"href":"https:\/\/vilelaoraldesign.com.br\/cursos\/wp-json\/wp\/v2\/media?parent=532"}],"curies":[{"name":"wp","href":"https:\/\/api.w.org\/{rel}","templated":true}]}}